{"id":1571,"date":"2023-08-09T12:09:16","date_gmt":"2023-08-09T12:09:16","guid":{"rendered":"http:\/\/finaxio.local\/?page_id=12"},"modified":"2026-02-02T12:39:39","modified_gmt":"2026-02-02T12:39:39","slug":"home-one","status":"publish","type":"page","link":"https:\/\/linxandwolf.com\/","title":{"rendered":"Home One &#8211; Light"},"content":{"rendered":"<p><!-- Banner Area Start --><br \/>\n                                                    <img decoding=\"async\" src=\"https:\/\/linxandwolf.com\/wp-content\/uploads\/2024\/02\/WhatsApp-Image-2024-02-13-at-07.35.24.jpeg\" alt=\"imeg-one\"><br \/>\n                                                Innovation                                            <\/p>\n<h1 data-animation=\"fadeInUp\" data-delay=\".6s\">\n                                                &#039;&#039;ESN&#039;&#039;                                            <\/h1>\n<p data-animation=\"fadeInUp\" data-delay=\".8s\">\n                                                Une ESN est une\u00a0entreprise\u00a0sp\u00e9cialis\u00e9e en\u00a0services num\u00e9riques\u00a0r\u00e9pondant aux besoins d&#039;externalisation des expertises, des\u00a0services\u00a0et des projets informatiques des directions informatiques des\u00a0entreprises. L&#039;ESN peut par exemple r\u00e9aliser un logiciel, un site web ou l&#039;exploitation d&#039;une infrastructure informatique.                                            <\/p>\n<p>                                                        <a href=\"https:\/\/linxandwolf.com\/?page_id=23\"\n                                                           >Get Direction <i\n                                                               ><\/i><\/a><br \/>\n                                                            <a\n                                                                href=\"https:\/\/linxandwolf.com\/?page_id=23\"><i\n                                                                   ><\/i><\/a><br \/>\n                                                    <img decoding=\"async\" src=\"https:\/\/linxandwolf.com\/wp-content\/uploads\/2024\/02\/WhatsApp-Image-2024-02-13-at-07.35.24.jpeg\" alt=\"imeg-one\"><br \/>\n                                                Innovation                                            <\/p>\n<h1 data-animation=\"fadeInUp\" data-delay=\".6s\">\n                                                &#039;&#039;ESN&#039;&#039;                                            <\/h1>\n<p data-animation=\"fadeInUp\" data-delay=\".8s\">\n                                                Une ESN est une\u00a0entreprise\u00a0sp\u00e9cialis\u00e9e en\u00a0services num\u00e9riques\u00a0r\u00e9pondant aux besoins d&#039;externalisation des expertises, des\u00a0services\u00a0et des projets informatiques des directions informatiques des\u00a0entreprises. L&#039;ESN peut par exemple r\u00e9aliser un logiciel, un site web ou l&#039;exploitation d&#039;une infrastructure informatique.                                            <\/p>\n<p>                                                        <a href=\"https:\/\/linxandwolf.com\/?page_id=23\"\n                                                           >Get Direction <i\n                                                               ><\/i><\/a><br \/>\n                                                            <a\n                                                                href=\"https:\/\/linxandwolf.com\/?page_id=23\"><i\n                                                                   ><\/i><\/a><br \/>\n                                                    <img decoding=\"async\" src=\"https:\/\/linxandwolf.com\/wp-content\/uploads\/2024\/02\/WhatsApp-Image-2024-02-13-at-07.40.18.jpeg\" alt=\"imeg-one\"><br \/>\n                                                Support                                            <\/p>\n<h1 data-animation=\"fadeInUp\" data-delay=\".6s\">\n                                                Consulting en Informatique                                            <\/h1>\n<p data-animation=\"fadeInUp\" data-delay=\".8s\">\n                                                Sp\u00e9cialiste des technologies de l&#039;information et de la communication.                                            <\/p>\n<p>                                                        <a href=\"https:\/\/linxandwolf.com\/?service=finance-business-lineup\"\n                                                           >Get Direction <i\n                                                               ><\/i><\/a><br \/>\n                                                            <a\n                                                                href=\"https:\/\/linxandwolf.com\/?page_id=23\"><i\n                                                                   ><\/i><\/a><br \/>\n                                                    <img decoding=\"async\" src=\"https:\/\/linxandwolf.com\/wp-content\/uploads\/2024\/02\/WhatsApp-Image-2024-02-13-at-15.07.55.jpeg\" alt=\"imeg-one\"><br \/>\n                                                Online                                            <\/p>\n<h1 data-animation=\"fadeInUp\" data-delay=\".6s\">\n                                                Ahobiri Xpress                                            <\/h1>\n<p data-animation=\"fadeInUp\" data-delay=\".8s\">\n                                                Pour le compte de Ahobiri Xpress nous avons impl\u00e9ment\u00e9 une plateforme de vente en ligne clef en main. Cette plateforme permet aux clients r\u00e9sident au Burundi de faire des achats ou ventes en ligne. La plateforme permet \u00e9galement la gestion de la livraison des marchandises vers les destinataires.                                            <\/p>\n<p>                                                        <a href=\"http:\/\/ahobiri.com\/\"\n                                                           >Get Direction <i\n                                                               ><\/i><\/a><br \/>\n                                                            <a\n                                                                href=\"http:\/\/ahobiri.com\/\"><i\n                                                                   ><\/i><\/a><br \/>\n                                                    <img decoding=\"async\" src=\"https:\/\/linxandwolf.com\/wp-content\/uploads\/2024\/02\/WhatsApp-Image-2024-02-21-at-12.28.45.jpeg\" alt=\"imeg-one\"><br \/>\n                                                Tracking                                            <\/p>\n<h1 data-animation=\"fadeInUp\" data-delay=\".6s\">\n                                                Car tracking &amp; Fuel monitoring                                            <\/h1>\n<p data-animation=\"fadeInUp\" data-delay=\".8s\">\n                                                Assurez la s\u00e9curit\u00e9 de vos biens avec les appareils et applications de suivi de v\u00e9hicules Linx et Wolf. Surveillez la consommation de carburant, l&#039;entretien de la voiture et restez inform\u00e9 de l&#039;emplacement.                                            <\/p>\n<p>            <!-- Banner Area End --><br \/>\n\t\t\t\t\t<img decoding=\"async\" src=\"https:\/\/linxandwolf.com\/wp-content\/uploads\/2024\/02\/WhatsApp-Image-2024-02-16-at-14.02.43.jpeg\" alt=\"No alt text\" \/><br \/>\n\t\t\t\t\t\t<img decoding=\"async\" src=\"https:\/\/linxandwolf.com\/wp-content\/uploads\/2024\/02\/WhatsApp-Image-2024-02-16-at-14.02.37.jpeg\" alt=\"No alt text\" \/>\t\t\t\t\t<\/p>\n<h2>Un graphique des ventes \u00e0 la hausse garanti<\/h2>\n<p>Notre mission est de fournir une vari\u00e9t\u00e9 de services num\u00e9riques de qualit\u00e9. Donc,nous accompagnons les entreprise dans leurs premiers pas vers l\u2019automatisation des t\u00e2ches r\u00e9p\u00e9titives, la simplification des flux de production tout en garantissant la s\u00e9curit\u00e9 de vos syst\u00e8mes et de vos donn\u00e9es.<\/p>\n<figure><img decoding=\"async\" width=\"51\" height=\"50\" src=\"https:\/\/linxandwolf.com\/wp-content\/uploads\/2023\/08\/call.png\" alt=\"\" \/><\/figure>\n<h3><b>Call us 24\/7. <\/b> We can answer for all your questions.b<\/h3>\n<p><a href=\"tel:10533368956\">(+257)79 993 762<\/a> or <a href=\"tel:(+257)098 09801\">(+257) 61 281 622<\/a><\/p>\n<p>\t\t\t\t\tServices\t\t\t\t\t<\/p>\n<h2>What We Offer for You<\/h2>\n<p>                                                    <img decoding=\"async\" src=\"https:\/\/finaxio.themeori.net\/wp-content\/uploads\/2023\/08\/services-7.png\"\n                                                        alt=\"E-Commerce\"><\/p>\n<h4>\n                                                        E-Commerce                                                    <\/h4>\n<p>\n                                                        Est une m\u00e9thode d&#039;achat et de vente de biens et de services en lignes                                                    <\/p>\n<p>                                            <a href=\"http:\/\/ahobiri.com\/\">Services Details<\/a><br \/>\n                                                    <img decoding=\"async\" src=\"https:\/\/finaxio.themeori.net\/wp-content\/uploads\/2023\/08\/services-8.png\"\n                                                        alt=\"Consulting en Informatique\"><\/p>\n<h4>\n                                                        Consulting en Informatique                                                    <\/h4>\n<p>\n                                                        Nous sommes des sp\u00e9calistes des technologies de l&#039;informatique et de la communication                                                    <\/p>\n<p>                                            <a href=\"\/service\/advance-analytics\">Services Details<\/a><br \/>\n                                                    <img decoding=\"async\" src=\"https:\/\/finaxio.themeori.net\/wp-content\/uploads\/2023\/08\/services-9.png\"\n                                                        alt=\"Services Num\u00e9trique\"><\/p>\n<h4>\n                                                        Services Num\u00e9trique                                                    <\/h4>\n<p>\n                                                        Nous vous proposons tout type de services num\u00e9riques comme des logiciel, des sites Web, des applications et d&#039;autres services informatiques                                                    <\/p>\n<p>                                            <a href=\"\/service\/digital-strategy\">Services Details<\/a><br \/>\n                                                    <img decoding=\"async\" src=\"https:\/\/linxandwolf.com\/wp-content\/uploads\/2024\/02\/WhatsApp-Image-2024-02-16-at-12.10.57.jpeg\"\n                                                        alt=\"Linx and Wolf Electronics\"><\/p>\n<h4>\n                                                        Linx and Wolf Electronics                                                    <\/h4>\n<p>\n                                                        Linx and Wolf vous proposent une plateforme en ligne o\u00f9 vous pouvez acheter des appareils \u00e9lectroniques originaux d&#039;Europe                                                    <\/p>\n<p>                                            <a href=\"https:\/\/odoo.linxandwolf.com\/shop\"><\/a><\/p>\n<p><em><strong>Nous mettons toute la puissance d\u2019internet ainsi que celle des bases de donn\u00e9es locales ou distribu\u00e9es au service de la gestion d\u2019entreprise et des t\u00e9l\u00e9coms.\u00a0<a href=\"\/contact\">Make A Request<\/a><\/strong><\/em><\/p>\n<p>                <a href=\"http:\/\/google.com\"><i\n                       ><\/i><\/a><br \/>\n\t\t\t\t\tExperts\t\t\t\t\t<\/p>\n<h2>Our House Of Avengers<\/h2>\n<p>                    <img decoding=\"async\" src=\"https:\/\/linxandwolf.com\/wp-content\/uploads\/2024\/02\/WhatsApp-Image-2024-02-19-at-10.26.24.jpeg\" alt=\"No alt text\" \/>\t\t\t\t\t<\/p>\n<ul>\n<li><a href=\"https:\/\/facebook.com\"><i\n                                       ><\/i><\/a><\/li>\n<li><a href=\"https:\/\/twitter.com\"><i\n                                       ><\/i><\/a><\/li>\n<li><a href=\"https:\/\/linkedin.com\"><i\n                                       ><\/i><\/a><\/li>\n<\/ul>\n<p>\t\t\t\t\t\t\t<a href=\"#\"> <\/a><\/p>\n<p>Founder &amp; CFO<\/p>\n<h4><a href=\"\/david-bowie\">Adolphe Wolf Shema<\/a><\/h4>\n<p>                    <img decoding=\"async\" src=\"https:\/\/linxandwolf.com\/wp-content\/uploads\/2024\/02\/WhatsApp-Image-2024-02-19-at-10.13.55.jpeg\" alt=\"No alt text\" \/>\t\t\t\t\t<\/p>\n<ul>\n<li><a href=\"https:\/\/facebook.com\"><i\n                                       ><\/i><\/a><\/li>\n<li><a href=\"https:\/\/facebook.com\"><i\n                                       ><\/i><\/a><\/li>\n<li><a href=\"https:\/\/facebook.com\"><i\n                                       ><\/i><\/a><\/li>\n<\/ul>\n<p>\t\t\t\t\t\t\t<a href=\"#\"> <\/a><\/p>\n<p>Founder &amp; CTO<\/p>\n<h4><a href=\"https:\/\/www.linkedin.com\/in\/nkubito-alain-a28a09283\">Alain Nkubito<\/a><\/h4>\n<p>                    <img decoding=\"async\" src=\"https:\/\/linxandwolf.com\/wp-content\/uploads\/2024\/02\/WhatsApp-Image-2024-02-19-at-10.19.32.jpeg\" alt=\"No alt text\" \/>\t\t\t\t\t<\/p>\n<ul>\n<li><a href=\"https:\/\/facebook.com\"><i\n                                       ><\/i><\/a><\/li>\n<li><a href=\"https:\/\/twitter.com\"><i\n                                       ><\/i><\/a><\/li>\n<li><a href=\"https:\/\/linkedin.com\"><i\n                                       ><\/i><\/a><\/li>\n<\/ul>\n<p>\t\t\t\t\t\t\t<a href=\"#\"> <\/a><\/p>\n<p>Senior Consultant<\/p>\n<h4><a href=\"https:\/\/www.linkedin.com\/in\/pntabuye\">Paul Ntabuye Butera<\/a><\/h4>\n<figure><img decoding=\"async\" src=\"https:\/\/linxandwolf.com\/wp-content\/uploads\/2024\/02\/IMG-20240216-WA0009-150x150.jpg\" alt=\"IMG-20240216-WA0009\" \/><\/figure>\n<figure><img decoding=\"async\" src=\"https:\/\/linxandwolf.com\/wp-content\/uploads\/2024\/02\/IMG-20240216-WA0023-1-150x150.jpg\" alt=\"IMG-20240216-WA0023\" \/><\/figure>\n<figure><img decoding=\"async\" src=\"https:\/\/linxandwolf.com\/wp-content\/uploads\/2024\/02\/IMG-20240216-WA0017-150x150.jpg\" alt=\"IMG-20240216-WA0017\" \/><\/figure>\n<figure><img decoding=\"async\" src=\"https:\/\/linxandwolf.com\/wp-content\/uploads\/2024\/02\/IMG-20240216-WA0010-150x150.jpg\" alt=\"IMG-20240216-WA0010\" \/><\/figure>\n<h3>You can make an request to join our team<\/h3>\n<ul>\n<li>\n\t\t\t\t\t\t\t\t\t\t\t<a href=\"\/get-an-appointment\"><br \/>\n\t\t\t\t\t\t\t\t\t\t\tGet An Appointment<br \/>\n\t\t\t\t\t\t\t\t\t\t\t<\/a>\n\t\t\t\t\t\t\t\t\t<\/li>\n<li>\n\t\t\t\t\t\t\t\t\t\t\t<a href=\"\/contact\"><br \/>\n\t\t\t\t\t\t\t\t\t\t\tApply For Job<br \/>\n\t\t\t\t\t\t\t\t\t\t\t<\/a>\n\t\t\t\t\t\t\t\t\t<\/li>\n<\/ul>\n<p>                    <img decoding=\"async\" src=\"https:\/\/linxandwolf.com\/wp-content\/uploads\/2024\/02\/WhatsApp-Image-2024-02-16-at-13.24.32.jpeg\" alt=\"No alt text\" \/><br \/>\n                        <img decoding=\"async\" src=\"https:\/\/linxandwolf.com\/wp-content\/uploads\/2024\/02\/WhatsApp-Image-2024-02-16-at-13.31.04.jpeg\" alt=\"No alt text\" \/><br \/>\n\t\t\t\t\tFaq\t\t\t\t\t<\/p>\n<h2>Quelques Questions &amp; R<\/h2>\n<h6 data-bs-toggle=\"collapse\"\n                        data-bs-target=\"#collapse001\">Quelle est la notion de services num\u00e9riques?<\/h6>\n<p>\n                            .Les services num\u00e9riques sont une construction commerciale, d\u00e9finie par un ensemble de processus et de flux qui se combinent de mani\u00e8re \u00e0 permettre aux consommateurs d&#039;interagir avec une entit\u00e9, comme une entreprise.                        <\/p>\n<h6 data-bs-toggle=\"collapse\"\n                        data-bs-target=\"#collapse101\">Pourquoi ai-je besoin de services num\u00e9riques?<\/h6>\n<p>\n                            Les entreprises font souvent appel \u00e0 des prestataires de services de marketing num\u00e9rique pour les aider \u00e0 gagner plus d&#039;abonn\u00e9s, \u00e0 g\u00e9n\u00e9rer plus de trafic vers leur site Web, \u00e0 convertir les visiteurs de leur site Web en prospects et \u00e0 attirer plus de clients. En fait, investir dans des services de marketing num\u00e9rique pr\u00e9sente de nombreux avantages.                        <\/p>\n<h6 data-bs-toggle=\"collapse\"\n                        data-bs-target=\"#collapse201\">Votre assistance est-elle disponible en ligne?<\/h6>\n<p>\n                            Bien s\u00fbr,nous mettons toute la puissance d\u2019internet ainsi que celle des bases de donn\u00e9es locales ou distribu\u00e9es au service de la gestion d\u2019entreprise et des t\u00e9l\u00e9coms.                        <\/p>\n<p>\t\t\t<svg aria-hidden=\"true\" viewBox=\"0 0 384 512\" xmlns=\"http:\/\/www.w3.org\/2000\/svg\"><path d=\"M202.021 0C122.202 0 70.503 32.703 29.914 91.026c-7.363 10.58-5.093 25.086 5.178 32.874l43.138 32.709c10.373 7.865 25.132 6.026 33.253-4.148 25.049-31.381 43.63-49.449 82.757-49.449 30.764 0 68.816 19.799 68.816 49.631 0 22.552-18.617 34.134-48.993 51.164-35.423 19.86-82.299 44.576-82.299 106.405V320c0 13.255 10.745 24 24 24h72.471c13.255 0 24-10.745 24-24v-5.773c0-42.86 125.268-44.645 125.268-160.627C377.504 66.256 286.902 0 202.021 0zM192 373.459c-38.196 0-69.271 31.075-69.271 69.271 0 38.195 31.075 69.27 69.271 69.27s69.271-31.075 69.271-69.271-31.075-69.27-69.271-69.27z\"><\/path><\/svg>\t\t\t<\/p>\n<p>Si vous avez d&#8217;autres questions,\u00a0<a style=\"color: #ec1113;\" href=\"\/contact\">Contactez -nous<\/a><\/p>\n<p>Lorem ipsum dolor sit amet, consectetur adipiscing elit. Ut elit tellus, luctus nec ullamcorper mattis, pulvinar dapibus leo.<\/p>\n","protected":false},"excerpt":{"rendered":"<p>Innovation &#039;&#039;ESN&#039;&#039; Une ESN est une\u00a0entreprise\u00a0sp\u00e9cialis\u00e9e en\u00a0services num\u00e9riques\u00a0r\u00e9pondant aux besoins d&#039;externalisation des expertises, des\u00a0services\u00a0et des projets informatiques des directions informatiques des\u00a0entreprises. L&#039;ESN peut par exemple r\u00e9aliser un logiciel, un site web ou l&#039;exploitation d&#039;une infrastructure informatique. Get Direction Innovation &#039;&#039;ESN&#039;&#039; Une ESN est une\u00a0entreprise\u00a0sp\u00e9cialis\u00e9e en\u00a0services num\u00e9riques\u00a0r\u00e9pondant aux besoins d&#039;externalisation des expertises, des\u00a0services\u00a0et des projets informatiques [&hellip;]<\/p>\n","protected":false},"author":1,"featured_media":0,"parent":0,"menu_order":0,"comment_status":"closed","ping_status":"closed","template":"elementor_header_footer","meta":{"footnotes":""},"class_list":["post-1571","page","type-page","status-publish","hentry"],"_links":{"self":[{"href":"https:\/\/linxandwolf.com\/index.php?rest_route=\/wp\/v2\/pages\/1571","targetHints":{"allow":["GET"]}}],"collection":[{"href":"https:\/\/linxandwolf.com\/index.php?rest_route=\/wp\/v2\/pages"}],"about":[{"href":"https:\/\/linxandwolf.com\/index.php?rest_route=\/wp\/v2\/types\/page"}],"author":[{"embeddable":true,"href":"https:\/\/linxandwolf.com\/index.php?rest_route=\/wp\/v2\/users\/1"}],"replies":[{"embeddable":true,"href":"https:\/\/linxandwolf.com\/index.php?rest_route=%2Fwp%2Fv2%2Fcomments&post=1571"}],"version-history":[{"count":82,"href":"https:\/\/linxandwolf.com\/index.php?rest_route=\/wp\/v2\/pages\/1571\/revisions"}],"predecessor-version":[{"id":2053,"href":"https:\/\/linxandwolf.com\/index.php?rest_route=\/wp\/v2\/pages\/1571\/revisions\/2053"}],"wp:attachment":[{"href":"https:\/\/linxandwolf.com\/index.php?rest_route=%2Fwp%2Fv2%2Fmedia&parent=1571"}],"curies":[{"name":"wp","href":"https:\/\/api.w.org\/{rel}","templated":true}]}}