{"id":28,"date":"2023-08-09T12:12:39","date_gmt":"2023-08-09T12:12:39","guid":{"rendered":"http:\/\/finaxio.local\/?page_id=28"},"modified":"2024-02-21T16:42:35","modified_gmt":"2024-02-21T16:42:35","slug":"project","status":"publish","type":"page","link":"https:\/\/linxandwolf.com\/?page_id=28","title":{"rendered":"Project"},"content":{"rendered":"\t\t<div data-elementor-type=\"wp-page\" data-elementor-id=\"28\" class=\"elementor elementor-28\">\n\t\t\t\t\t\t<section class=\"elementor-section elementor-top-section elementor-element elementor-element-1bddfb2 elementor-section-full_width elementor-section-height-default elementor-section-height-default\" data-id=\"1bddfb2\" data-element_type=\"section\">\n\t\t\t\t\t\t<div class=\"elementor-container elementor-column-gap-no\">\n\t\t\t\t\t<div class=\"elementor-column elementor-col-100 elementor-top-column elementor-element elementor-element-41c5c7d\" data-id=\"41c5c7d\" data-element_type=\"column\">\n\t\t\t<div class=\"elementor-widget-wrap elementor-element-populated\">\n\t\t\t\t\t\t<div class=\"elementor-element elementor-element-5a0e220 elementor-widget elementor-widget-portfolio_finaxio\" data-id=\"5a0e220\" data-element_type=\"widget\" data-widget_type=\"portfolio_finaxio.default\">\n\t\t\t\t<div class=\"elementor-widget-container\">\n\t\t\t\t\t\r\n        \r\n        \r\n                            \r\n                    \r\n\t<!-- Portfolio Area End -->\r\n    <div class=\"portfolio__page section-padding\">\r\n\t\t<div class=\"container\">\r\n        \t\t\t<div class=\"row\">\r\n\t\t\t\t<div class=\"col-xl-12 mb-40\">\r\n\t\t\t\t\t<div class=\"portfolio__page-btn\">\r\n                        <button class=\"active\" data-filter=\"*\">\r\n                                            All                                        <\/button>\r\n\r\n                                                                                        <button data-filter=\".e-Marketing\">e-Marketing<\/button>\r\n                                                                <\/div>\t\t\t\t\t  \r\n\t\t\t\t<\/div>\r\n\t\t\t<\/div>\r\n            \t\t\t<div class=\"row portfolio__page-active\">\r\n\t\t\t\t\r\n                                                                    <div class=\"col-xl-4 col-lg-6 mt-30 e-Marketing\">\r\n                                <div class=\"portfolio__page-item\">\r\n                                    <img decoding=\"async\" class=\"img__full\" src=\"https:\/\/linxandwolf.com\/wp-content\/uploads\/2023\/08\/portfolio-21.jpg\"\r\n                                        alt=\"\">\r\n                                    <div class=\"portfolio__page-item-content\">\r\n                                        <h4><a href=\"https:\/\/linxandwolf.com\/?portfolio=we-work-to-understand-your-issues\">We work to understand your issues<\/a><\/h4>\r\n                                        <p><a href=\"https:\/\/linxandwolf.com\/?portfolio=we-work-to-understand-your-issues\">Services Num\u00e9rique <i class=\"far fa-long-arrow-right\"><\/i><\/a><\/p>\r\n                                    <\/div>\r\n                                <\/div>\r\n                            <\/div>\r\n\r\n                                                                                    <div class=\"col-xl-4 col-lg-6 mt-30 e-Marketing\">\r\n                                <div class=\"portfolio__page-item\">\r\n                                    <img decoding=\"async\" class=\"img__full\" src=\"https:\/\/linxandwolf.com\/wp-content\/uploads\/2023\/08\/portfolio-5.jpg\"\r\n                                        alt=\"\">\r\n                                    <div class=\"portfolio__page-item-content\">\r\n                                        <h4><a href=\"https:\/\/linxandwolf.com\/?portfolio=make-better-decisions\">Make better decisions<\/a><\/h4>\r\n                                        <p><a href=\"https:\/\/linxandwolf.com\/?portfolio=make-better-decisions\">Services Num\u00e9rique <i class=\"far fa-long-arrow-right\"><\/i><\/a><\/p>\r\n                                    <\/div>\r\n                                <\/div>\r\n                            <\/div>\r\n\r\n                            \t\t\t\t\r\n\t\t\r\n                \r\n\t\t\t<\/div>\r\n\t\t<\/div>\r\n\t<\/div>\r\n\t<!-- Portfolio Area End -->\r\n\r\n        \r\n\r\n\r\n\r\n        \t\t\t\t<\/div>\n\t\t\t\t<\/div>\n\t\t\t\t\t<\/div>\n\t\t<\/div>\n\t\t\t\t\t<\/div>\n\t\t<\/section>\n\t\t<div class=\"elementor-element elementor-element-2b99c67 e-flex e-con-boxed e-con e-parent\" data-id=\"2b99c67\" data-element_type=\"container\">\n\t\t\t\t\t<div class=\"e-con-inner\">\n\t\t\t\t<div class=\"elementor-element elementor-element-510e24c elementor-widget elementor-widget-text-editor\" data-id=\"510e24c\" data-element_type=\"widget\" data-widget_type=\"text-editor.default\">\n\t\t\t\t\t\t\t\t\t<p>Lorem ipsum dolor sit amet, consectetur adipiscing elit. Ut elit tellus, luctus nec ullamcorper mattis, pulvinar dapibus leo.<\/p>\t\t\t\t\t\t\t\t<\/div>\n\t\t\t\t\t<\/div>\n\t\t\t\t<\/div>\n\t\t\t\t<\/div>\n\t\t","protected":false},"excerpt":{"rendered":"<p>All Corporate Finance Marketing Pao Financial Wisdom Services Num\u00e9rique Paolo Web Elegance Services Num\u00e9rique Create a business LLC or Corporation Services Num\u00e9rique We work to understand your issues Services Num\u00e9rique Paolo website design Services Num\u00e9rique Make better decisions Services Num\u00e9rique Lorem ipsum dolor sit amet, consectetur adipiscing elit. Ut elit tellus, luctus nec ullamcorper mattis, [&hellip;]<\/p>\n","protected":false},"author":1,"featured_media":0,"parent":0,"menu_order":0,"comment_status":"closed","ping_status":"closed","template":"page-builder.php","meta":{"footnotes":""},"class_list":["post-28","page","type-page","status-publish","hentry"],"_links":{"self":[{"href":"https:\/\/linxandwolf.com\/index.php?rest_route=\/wp\/v2\/pages\/28","targetHints":{"allow":["GET"]}}],"collection":[{"href":"https:\/\/linxandwolf.com\/index.php?rest_route=\/wp\/v2\/pages"}],"about":[{"href":"https:\/\/linxandwolf.com\/index.php?rest_route=\/wp\/v2\/types\/page"}],"author":[{"embeddable":true,"href":"https:\/\/linxandwolf.com\/index.php?rest_route=\/wp\/v2\/users\/1"}],"replies":[{"embeddable":true,"href":"https:\/\/linxandwolf.com\/index.php?rest_route=%2Fwp%2Fv2%2Fcomments&post=28"}],"version-history":[{"count":10,"href":"https:\/\/linxandwolf.com\/index.php?rest_route=\/wp\/v2\/pages\/28\/revisions"}],"predecessor-version":[{"id":2012,"href":"https:\/\/linxandwolf.com\/index.php?rest_route=\/wp\/v2\/pages\/28\/revisions\/2012"}],"wp:attachment":[{"href":"https:\/\/linxandwolf.com\/index.php?rest_route=%2Fwp%2Fv2%2Fmedia&parent=28"}],"curies":[{"name":"wp","href":"https:\/\/api.w.org\/{rel}","templated":true}]}}